{"id":42,"date":"2019-01-07T13:07:39","date_gmt":"2019-01-07T12:07:39","guid":{"rendered":"http:\/\/www.miettischdecke.de\/mtd\/?page_id=42"},"modified":"2021-05-20T16:54:22","modified_gmt":"2021-05-20T14:54:22","slug":"kyffhaeuser-textilservice","status":"publish","type":"page","link":"https:\/\/www.miettischdecke.de\/mtd\/kyffhaeuser-textilservice\/","title":{"rendered":"Kyffh\u00e4user Textilservice"},"content":{"rendered":"\t\t<div data-elementor-type=\"wp-post\" data-elementor-id=\"42\" class=\"elementor elementor-42\">\n\t\t\t\t\t\t<section class=\"elementor-section elementor-top-section elementor-element elementor-element-df7ede5 elementor-section-boxed elementor-section-height-default elementor-section-height-default\" data-id=\"df7ede5\" data-element_type=\"section\">\n\t\t\t\t\t\t<div class=\"elementor-container elementor-column-gap-default\">\n\t\t\t\t\t<div class=\"elementor-column elementor-col-100 elementor-top-column elementor-element elementor-element-e1215ab\" data-id=\"e1215ab\" data-element_type=\"column\">\n\t\t\t<div class=\"elementor-widget-wrap elementor-element-populated\">\n\t\t\t\t\t\t<div class=\"elementor-element elementor-element-6198ca8 elementor-position-left elementor-view-default elementor-mobile-position-top elementor-vertical-align-top elementor-widget elementor-widget-icon-box\" data-id=\"6198ca8\" data-element_type=\"widget\" data-widget_type=\"icon-box.default\">\n\t\t\t\t<div class=\"elementor-widget-container\">\n\t\t\t\t\t\t\t<div class=\"elementor-icon-box-wrapper\">\n\n\t\t\t\t\t\t<div class=\"elementor-icon-box-icon\">\n\t\t\t\t<span  class=\"elementor-icon\">\n\t\t\t\t<i class=\"eci font1189664363-wash\" aria-hidden=\"true\"><\/i>\t\t\t\t<\/span>\n\t\t\t<\/div>\n\t\t\t\n\t\t\t\t\t\t<div class=\"elementor-icon-box-content\">\n\n\t\t\t\t\t\t\t\t\t<h3 class=\"elementor-icon-box-title\">\n\t\t\t\t\t\t<span  >\n\t\t\t\t\t\t\tDas sind wir\t\t\t\t\t\t<\/span>\n\t\t\t\t\t<\/h3>\n\t\t\t\t\n\t\t\t\t\t\t\t\t\t<p class=\"elementor-icon-box-description\">\n\t\t\t\t\t\tDas Unternehmen Kyffh\u00e4user Textilservice ist ein gewerblicher W\u00e4schereibetrieb f\u00fcr Privatkunden, Hotellerie, Gastronomie und das Gesundheitswesen. Neben dem Hauptsitz in Artern haben wir Standorte in Sangerhausen, Sondershausen und Gro\u00dfwechsungen. Als Dienstleister f\u00fcr erstklassige W\u00e4scheversorgung besitzen wir langj\u00e4hrige Erfahrung. Unsere Arbeit ist gepr\u00e4gt von einem H\u00f6chstma\u00df an Zuverl\u00e4ssigkeit und Qualit\u00e4tsbewusstsein. Aus der Kombination von individueller Kundenbetreuung, flexiblen Strukturen und gro\u00dfen Bearbeitungskapazit\u00e4ten bieten wir auch f\u00fcr Ihren W\u00e4schebedarf die richtige L\u00f6sung.\t\t\t\t\t<\/p>\n\t\t\t\t\n\t\t\t<\/div>\n\t\t\t\n\t\t<\/div>\n\t\t\t\t\t\t<\/div>\n\t\t\t\t<\/div>\n\t\t\t\t\t<\/div>\n\t\t<\/div>\n\t\t\t\t\t<\/div>\n\t\t<\/section>\n\t\t\t\t<section class=\"elementor-section elementor-top-section elementor-element elementor-element-6f86a5c elementor-section-boxed elementor-section-height-default elementor-section-height-default\" data-id=\"6f86a5c\" data-element_type=\"section\">\n\t\t\t\t\t\t<div class=\"elementor-container elementor-column-gap-default\">\n\t\t\t\t\t<div class=\"elementor-column elementor-col-100 elementor-top-column elementor-element elementor-element-e53f33a\" data-id=\"e53f33a\" data-element_type=\"column\">\n\t\t\t<div class=\"elementor-widget-wrap elementor-element-populated\">\n\t\t\t\t\t\t<div class=\"elementor-element elementor-element-55b8a99 elementor-widget elementor-widget-image\" data-id=\"55b8a99\" data-element_type=\"widget\" data-widget_type=\"image.default\">\n\t\t\t\t<div class=\"elementor-widget-container\">\n\t\t\t\t\t\t\t\t\t\t\t\t\t\t\t<img decoding=\"async\" src=\"https:\/\/www.miettischdecke.de\/mtd\/wp-content\/uploads\/elementor\/thumbs\/2019_12_01-12_34_42-b-DSC01752-scaled-p7g6y98ybhtgq62o3grrcns8ziv7ws0mlsqomd4otc.jpg\" title=\"2019_12_01 &#8211; 12_34_42 -b- DSC01752\" alt=\"2019_12_01 - 12_34_42 -b- DSC01752\" loading=\"lazy\" \/>\t\t\t\t\t\t\t\t\t\t\t\t\t\t\t<\/div>\n\t\t\t\t<\/div>\n\t\t\t\t\t<\/div>\n\t\t<\/div>\n\t\t\t\t\t<\/div>\n\t\t<\/section>\n\t\t\t\t<section class=\"elementor-section elementor-top-section elementor-element elementor-element-f3cdda0 elementor-section-boxed elementor-section-height-default elementor-section-height-default\" data-id=\"f3cdda0\" data-element_type=\"section\">\n\t\t\t\t\t\t<div class=\"elementor-container elementor-column-gap-default\">\n\t\t\t\t\t<div class=\"elementor-column elementor-col-100 elementor-top-column elementor-element elementor-element-abec92f\" data-id=\"abec92f\" data-element_type=\"column\">\n\t\t\t<div class=\"elementor-widget-wrap elementor-element-populated\">\n\t\t\t\t\t\t<div class=\"elementor-element elementor-element-c3ab25f elementor-tabs-view-horizontal elementor-widget elementor-widget-tabs\" data-id=\"c3ab25f\" data-element_type=\"widget\" data-widget_type=\"tabs.default\">\n\t\t\t\t<div class=\"elementor-widget-container\">\n\t\t\t\t\t\t\t<div class=\"elementor-tabs\">\n\t\t\t<div class=\"elementor-tabs-wrapper\" role=\"tablist\" >\n\t\t\t\t\t\t\t\t\t<div id=\"elementor-tab-title-2051\" class=\"elementor-tab-title elementor-tab-desktop-title\" aria-selected=\"true\" data-tab=\"1\" role=\"tab\" tabindex=\"0\" aria-controls=\"elementor-tab-content-2051\" aria-expanded=\"false\">Privatw\u00e4sche<\/div>\n\t\t\t\t\t\t\t\t\t<div id=\"elementor-tab-title-2052\" class=\"elementor-tab-title elementor-tab-desktop-title\" aria-selected=\"false\" data-tab=\"2\" role=\"tab\" tabindex=\"-1\" aria-controls=\"elementor-tab-content-2052\" aria-expanded=\"false\">Hotel, Gastronomie & Ferienwohnung<\/div>\n\t\t\t\t\t\t\t\t\t<div id=\"elementor-tab-title-2053\" class=\"elementor-tab-title elementor-tab-desktop-title\" aria-selected=\"false\" data-tab=\"3\" role=\"tab\" tabindex=\"-1\" aria-controls=\"elementor-tab-content-2053\" aria-expanded=\"false\">Vermietung von Eventtextilien<\/div>\n\t\t\t\t\t\t\t\t\t<div id=\"elementor-tab-title-2054\" class=\"elementor-tab-title elementor-tab-desktop-title\" aria-selected=\"false\" data-tab=\"4\" role=\"tab\" tabindex=\"-1\" aria-controls=\"elementor-tab-content-2054\" aria-expanded=\"false\">Spezialservices<\/div>\n\t\t\t\t\t\t\t<\/div>\n\t\t\t<div class=\"elementor-tabs-content-wrapper\" role=\"tablist\" aria-orientation=\"vertical\">\n\t\t\t\t\t\t\t\t\t<div class=\"elementor-tab-title elementor-tab-mobile-title\" aria-selected=\"true\" data-tab=\"1\" role=\"tab\" tabindex=\"0\" aria-controls=\"elementor-tab-content-2051\" aria-expanded=\"false\">Privatw\u00e4sche<\/div>\n\t\t\t\t\t<div id=\"elementor-tab-content-2051\" class=\"elementor-tab-content elementor-clearfix\" data-tab=\"1\" role=\"tabpanel\" aria-labelledby=\"elementor-tab-title-2051\" tabindex=\"0\" hidden=\"false\"><ul><li>Oberbekleidung<\/li><li>Tafelt\u00fccher<\/li><li>Bettw\u00e4sche<\/li><li>Mangel- &amp; B\u00fcgelservice<\/li><li>Hemden-Schnellservice<\/li><li>CleanBag \/ Haust\u00fcrservice<em><br \/><\/em><\/li><li>Anzug- und Brautkleid-Reinigung<\/li><li>Berufsbekleidung<\/li><li>Bettenservice<em><br \/><\/em><\/li><li>Tages- &amp; Wolldecken<\/li><li>Wasserbettschonbez\u00fcge<\/li><li>Gardinenvollservice<\/li><li><span style=\"color: #008bd0;\">Annahme f\u00fcr: chemische Reinigung, Leder-, Teppich- &amp; Polsterreinigung<\/span><\/li><\/ul><\/div>\n\t\t\t\t\t\t\t\t\t<div class=\"elementor-tab-title elementor-tab-mobile-title\" aria-selected=\"false\" data-tab=\"2\" role=\"tab\" tabindex=\"-1\" aria-controls=\"elementor-tab-content-2052\" aria-expanded=\"false\">Hotel, Gastronomie & Ferienwohnung<\/div>\n\t\t\t\t\t<div id=\"elementor-tab-content-2052\" class=\"elementor-tab-content elementor-clearfix\" data-tab=\"2\" role=\"tabpanel\" aria-labelledby=\"elementor-tab-title-2052\" tabindex=\"0\" hidden=\"hidden\"><ul><li>Leasingsysteme f\u00fcr Bett- &amp; Tischw\u00e4sche<\/li><li>Auftragsw\u00e4sche<\/li><li>Tischw\u00e4schebearbeitung in bester Qualit\u00e4t<\/li><li>Frotteew\u00e4sche<\/li><\/ul><p>Die Anforderungen von Hotellerie und Gastronomie an einen perfekten W\u00e4schebestand und erstklassige Qualit\u00e4t sind uns Bestens bekannt. Gemeinsam mit Ihnen erarbeiten wir ein individuelles Angebot f\u00fcr eine kontinuierliche und zuverl\u00e4ssige Versorgung mit Leasingw\u00e4sche.<\/p><\/div>\n\t\t\t\t\t\t\t\t\t<div class=\"elementor-tab-title elementor-tab-mobile-title\" aria-selected=\"false\" data-tab=\"3\" role=\"tab\" tabindex=\"-1\" aria-controls=\"elementor-tab-content-2053\" aria-expanded=\"false\">Vermietung von Eventtextilien<\/div>\n\t\t\t\t\t<div id=\"elementor-tab-content-2053\" class=\"elementor-tab-content elementor-clearfix\" data-tab=\"3\" role=\"tabpanel\" aria-labelledby=\"elementor-tab-title-2053\" tabindex=\"0\" hidden=\"hidden\"><ul><li>Tischdecken (rund und rechteckig )<\/li><li>Stoffservietten<\/li><li>Tischl\u00e4ufer &amp; Mitteldecker<\/li><li>Stuhl- &amp; Stehtischhussen<\/li><li>Stuhlschleifen<\/li><li>Hussen Festzeltgarnitur<\/li><\/ul><p>Auf Anfrage vermieten wir Ihnen auch das passende Mobiliar.<\/p><p>Weitere Informationen hierzu finden Sie au\u00dferdem im <span style=\"text-decoration: underline;\"><a href=\"http:\/\/www.miettischdecke.de\/mtd\/miettischdecke-de\/\">miettischdecke.de<\/a><\/span> Bereich.<\/p><\/div>\n\t\t\t\t\t\t\t\t\t<div class=\"elementor-tab-title elementor-tab-mobile-title\" aria-selected=\"false\" data-tab=\"4\" role=\"tab\" tabindex=\"-1\" aria-controls=\"elementor-tab-content-2054\" aria-expanded=\"false\">Spezialservices<\/div>\n\t\t\t\t\t<div id=\"elementor-tab-content-2054\" class=\"elementor-tab-content elementor-clearfix\" data-tab=\"4\" role=\"tabpanel\" aria-labelledby=\"elementor-tab-title-2054\" tabindex=\"0\" hidden=\"hidden\"><ul><li>\u201eHallo Onkel Doc\u201c \u2013 das Spezialprogramm f\u00fcr die kontinuierliche Versorgung von Arzt- und Therapiepraxen<\/li><li>Desinfektion \u2013 W\u00e4sche im Gesundheitswesen\/ Pflegeeinrichtungen<\/li><li>\u201eFirefighterClean\u201c \u2013 die Pflege von PSA und Feuerwehrschutzausr\u00fcstung<\/li><li>Flammenhemmende Ausr\u00fcstung nach DIN 4102-B1<\/li><li>Wasser-, \u00f6l- &amp; schmutzabweisende Fluorcarbonharzimpr\u00e4gnierung<\/li><\/ul><\/div>\n\t\t\t\t\t\t\t<\/div>\n\t\t<\/div>\n\t\t\t\t\t\t<\/div>\n\t\t\t\t<\/div>\n\t\t\t\t\t<\/div>\n\t\t<\/div>\n\t\t\t\t\t<\/div>\n\t\t<\/section>\n\t\t\t\t<section class=\"elementor-section elementor-top-section elementor-element elementor-element-3e63e41 elementor-section-boxed elementor-section-height-default elementor-section-height-default\" data-id=\"3e63e41\" data-element_type=\"section\">\n\t\t\t\t\t\t<div class=\"elementor-container elementor-column-gap-default\">\n\t\t\t\t\t<div class=\"elementor-column elementor-col-25 elementor-top-column elementor-element elementor-element-305c88a\" data-id=\"305c88a\" data-element_type=\"column\">\n\t\t\t<div class=\"elementor-widget-wrap\">\n\t\t\t\t\t\t\t<\/div>\n\t\t<\/div>\n\t\t\t\t<div class=\"elementor-column elementor-col-25 elementor-top-column elementor-element elementor-element-dc9418e\" data-id=\"dc9418e\" data-element_type=\"column\">\n\t\t\t<div class=\"elementor-widget-wrap\">\n\t\t\t\t\t\t\t<\/div>\n\t\t<\/div>\n\t\t\t\t<div class=\"elementor-column elementor-col-25 elementor-top-column elementor-element elementor-element-b780f47\" data-id=\"b780f47\" data-element_type=\"column\">\n\t\t\t<div class=\"elementor-widget-wrap\">\n\t\t\t\t\t\t\t<\/div>\n\t\t<\/div>\n\t\t\t\t<div class=\"elementor-column elementor-col-25 elementor-top-column elementor-element elementor-element-90c9cf7\" data-id=\"90c9cf7\" data-element_type=\"column\">\n\t\t\t<div class=\"elementor-widget-wrap\">\n\t\t\t\t\t\t\t<\/div>\n\t\t<\/div>\n\t\t\t\t\t<\/div>\n\t\t<\/section>\n\t\t\t\t<\/div>\n\t\t","protected":false},"excerpt":{"rendered":"<p>Das sind wir Das Unternehmen Kyffh\u00e4user Textilservice ist ein gewerblicher W\u00e4schereibetrieb f\u00fcr Privatkunden, Hotellerie, Gastronomie und das Gesundheitswesen. Neben dem Hauptsitz in Artern haben wir Standorte in Sangerhausen, Sondershausen und Gro\u00dfwechsungen. Als Dienstleister f\u00fcr erstklassige W\u00e4scheversorgung besitzen wir langj\u00e4hrige Erfahrung. Unsere Arbeit ist gepr\u00e4gt von einem H\u00f6chstma\u00df an Zuverl\u00e4ssigkeit und Qualit\u00e4tsbewusstsein. Aus der Kombination von [&hellip;]<\/p>\n","protected":false},"author":1,"featured_media":0,"parent":0,"menu_order":0,"comment_status":"closed","ping_status":"closed","template":"","meta":{"ocean_post_layout":"","ocean_both_sidebars_style":"","ocean_both_sidebars_content_width":0,"ocean_both_sidebars_sidebars_width":0,"ocean_sidebar":"0","ocean_second_sidebar":"0","ocean_disable_margins":"enable","ocean_add_body_class":"","ocean_shortcode_before_top_bar":"","ocean_shortcode_after_top_bar":"","ocean_shortcode_before_header":"","ocean_shortcode_after_header":"","ocean_has_shortcode":"","ocean_shortcode_after_title":"","ocean_shortcode_before_footer_widgets":"","ocean_shortcode_after_footer_widgets":"","ocean_shortcode_before_footer_bottom":"","ocean_shortcode_after_footer_bottom":"","ocean_display_top_bar":"default","ocean_display_header":"default","ocean_header_style":"","ocean_center_header_left_menu":"0","ocean_custom_header_template":"0","ocean_custom_logo":0,"ocean_custom_retina_logo":0,"ocean_custom_logo_max_width":0,"ocean_custom_logo_tablet_max_width":0,"ocean_custom_logo_mobile_max_width":0,"ocean_custom_logo_max_height":0,"ocean_custom_logo_tablet_max_height":0,"ocean_custom_logo_mobile_max_height":0,"ocean_header_custom_menu":"0","ocean_menu_typo_font_family":"0","ocean_menu_typo_font_subset":"","ocean_menu_typo_font_size":0,"ocean_menu_typo_font_size_tablet":0,"ocean_menu_typo_font_size_mobile":0,"ocean_menu_typo_font_size_unit":"px","ocean_menu_typo_font_weight":"","ocean_menu_typo_font_weight_tablet":"","ocean_menu_typo_font_weight_mobile":"","ocean_menu_typo_transform":"","ocean_menu_typo_transform_tablet":"","ocean_menu_typo_transform_mobile":"","ocean_menu_typo_line_height":0,"ocean_menu_typo_line_height_tablet":0,"ocean_menu_typo_line_height_mobile":0,"ocean_menu_typo_line_height_unit":"","ocean_menu_typo_spacing":0,"ocean_menu_typo_spacing_tablet":0,"ocean_menu_typo_spacing_mobile":0,"ocean_menu_typo_spacing_unit":"","ocean_menu_link_color":"","ocean_menu_link_color_hover":"","ocean_menu_link_color_active":"","ocean_menu_link_background":"","ocean_menu_link_hover_background":"","ocean_menu_link_active_background":"","ocean_menu_social_links_bg":"","ocean_menu_social_hover_links_bg":"","ocean_menu_social_links_color":"","ocean_menu_social_hover_links_color":"","ocean_disable_title":"default","ocean_disable_heading":"default","ocean_post_title":"","ocean_post_subheading":"","ocean_post_title_style":"","ocean_post_title_background_color":"","ocean_post_title_background":0,"ocean_post_title_bg_image_position":"","ocean_post_title_bg_image_attachment":"","ocean_post_title_bg_image_repeat":"","ocean_post_title_bg_image_size":"","ocean_post_title_height":0,"ocean_post_title_bg_overlay":0.5,"ocean_post_title_bg_overlay_color":"","ocean_disable_breadcrumbs":"default","ocean_breadcrumbs_color":"","ocean_breadcrumbs_separator_color":"","ocean_breadcrumbs_links_color":"","ocean_breadcrumbs_links_hover_color":"","ocean_display_footer_widgets":"default","ocean_display_footer_bottom":"default","ocean_custom_footer_template":"0","footnotes":""},"class_list":["post-42","page","type-page","status-publish","hentry","entry"],"_links":{"self":[{"href":"https:\/\/www.miettischdecke.de\/mtd\/wp-json\/wp\/v2\/pages\/42","targetHints":{"allow":["GET"]}}],"collection":[{"href":"https:\/\/www.miettischdecke.de\/mtd\/wp-json\/wp\/v2\/pages"}],"about":[{"href":"https:\/\/www.miettischdecke.de\/mtd\/wp-json\/wp\/v2\/types\/page"}],"author":[{"embeddable":true,"href":"https:\/\/www.miettischdecke.de\/mtd\/wp-json\/wp\/v2\/users\/1"}],"replies":[{"embeddable":true,"href":"https:\/\/www.miettischdecke.de\/mtd\/wp-json\/wp\/v2\/comments?post=42"}],"version-history":[{"count":7,"href":"https:\/\/www.miettischdecke.de\/mtd\/wp-json\/wp\/v2\/pages\/42\/revisions"}],"predecessor-version":[{"id":1148,"href":"https:\/\/www.miettischdecke.de\/mtd\/wp-json\/wp\/v2\/pages\/42\/revisions\/1148"}],"wp:attachment":[{"href":"https:\/\/www.miettischdecke.de\/mtd\/wp-json\/wp\/v2\/media?parent=42"}],"curies":[{"name":"wp","href":"https:\/\/api.w.org\/{rel}","templated":true}]}}