{"id":1014,"date":"2021-01-23T19:24:17","date_gmt":"2021-01-23T18:24:17","guid":{"rendered":"https:\/\/www.miettischdecke.de\/?page_id=1014"},"modified":"2021-01-23T20:28:41","modified_gmt":"2021-01-23T19:28:41","slug":"waschmal-de","status":"publish","type":"page","link":"https:\/\/www.miettischdecke.de\/mtd\/waschmal-de\/","title":{"rendered":"waschmal.de"},"content":{"rendered":"\t\t<div data-elementor-type=\"wp-post\" data-elementor-id=\"1014\" class=\"elementor elementor-1014\">\n\t\t\t\t\t\t<section class=\"elementor-section elementor-top-section elementor-element elementor-element-db5e90a elementor-section-boxed elementor-section-height-default elementor-section-height-default\" data-id=\"db5e90a\" data-element_type=\"section\">\n\t\t\t\t\t\t<div class=\"elementor-container elementor-column-gap-default\">\n\t\t\t\t\t<div class=\"elementor-column elementor-col-100 elementor-top-column elementor-element elementor-element-afee287\" data-id=\"afee287\" data-element_type=\"column\">\n\t\t\t<div class=\"elementor-widget-wrap elementor-element-populated\">\n\t\t\t\t\t\t<div class=\"elementor-element elementor-element-1c2a59c elementor-widget elementor-widget-heading\" data-id=\"1c2a59c\" data-element_type=\"widget\" data-widget_type=\"heading.default\">\n\t\t\t\t<div class=\"elementor-widget-container\">\n\t\t\t\t\t<h2 class=\"elementor-heading-title elementor-size-medium\">Jetzt auch online via App die Abholung ihrer W\u00e4sche oder Textilreinigung bestellen<\/h2>\t\t\t\t<\/div>\n\t\t\t\t<\/div>\n\t\t\t\t\t<\/div>\n\t\t<\/div>\n\t\t\t\t\t<\/div>\n\t\t<\/section>\n\t\t\t\t<section class=\"elementor-section elementor-top-section elementor-element elementor-element-8f80845 elementor-section-boxed elementor-section-height-default elementor-section-height-default\" data-id=\"8f80845\" data-element_type=\"section\">\n\t\t\t\t\t\t<div class=\"elementor-container elementor-column-gap-default\">\n\t\t\t\t\t<div class=\"elementor-column elementor-col-50 elementor-top-column elementor-element elementor-element-b749c7d\" data-id=\"b749c7d\" data-element_type=\"column\">\n\t\t\t<div class=\"elementor-widget-wrap elementor-element-populated\">\n\t\t\t\t\t\t<div class=\"elementor-element elementor-element-e6c43dc elementor-widget elementor-widget-image\" data-id=\"e6c43dc\" data-element_type=\"widget\" data-widget_type=\"image.default\">\n\t\t\t\t<div class=\"elementor-widget-container\">\n\t\t\t\t\t\t\t\t\t\t\t\t\t\t\t\t<a href=\"https:\/\/www.waschmal.de\/goCheckout\/838\">\n\t\t\t\t\t\t\t<img fetchpriority=\"high\" decoding=\"async\" width=\"1081\" height=\"1081\" src=\"https:\/\/www.miettischdecke.de\/mtd\/wp-content\/uploads\/2021\/01\/ReinigerPostSie.png\" class=\"attachment-2048x2048 size-2048x2048 wp-image-1001\" alt=\"\" srcset=\"https:\/\/www.miettischdecke.de\/mtd\/wp-content\/uploads\/2021\/01\/ReinigerPostSie.png 1081w, https:\/\/www.miettischdecke.de\/mtd\/wp-content\/uploads\/2021\/01\/ReinigerPostSie-300x300.png 300w, https:\/\/www.miettischdecke.de\/mtd\/wp-content\/uploads\/2021\/01\/ReinigerPostSie-1024x1024.png 1024w, https:\/\/www.miettischdecke.de\/mtd\/wp-content\/uploads\/2021\/01\/ReinigerPostSie-150x150.png 150w, https:\/\/www.miettischdecke.de\/mtd\/wp-content\/uploads\/2021\/01\/ReinigerPostSie-768x768.png 768w\" sizes=\"(max-width: 1081px) 100vw, 1081px\" \/>\t\t\t\t\t\t\t\t<\/a>\n\t\t\t\t\t\t\t\t\t\t\t\t\t\t\t<\/div>\n\t\t\t\t<\/div>\n\t\t\t\t\t<\/div>\n\t\t<\/div>\n\t\t\t\t<div class=\"elementor-column elementor-col-50 elementor-top-column elementor-element elementor-element-b5c34fd\" data-id=\"b5c34fd\" data-element_type=\"column\">\n\t\t\t<div class=\"elementor-widget-wrap elementor-element-populated\">\n\t\t\t\t\t\t<div class=\"elementor-element elementor-element-f9dbd87 elementor-widget elementor-widget-text-editor\" data-id=\"f9dbd87\" data-element_type=\"widget\" data-widget_type=\"text-editor.default\">\n\t\t\t\t<div class=\"elementor-widget-container\">\n\t\t\t\t\t\t\t\t\t<h2>1 WaschMal App herunterladen &amp; registrieren<\/h2><h2>2 Postleitzahl eingeben und Kyffh\u00e4user Textilservice\u00a0\u00a0\u00a0\u00a0\u00a0 ausw\u00e4hlen<\/h2><h2>3\u00a0 Wunschartikel und Wunschtermin ausw\u00e4hlen<\/h2><h2>4 Bequem bargeldlos bezahlen<\/h2><h2>++Ihre Vorteile++<br \/><img decoding=\"async\" class=\"emoji\" role=\"img\" draggable=\"false\" src=\"https:\/\/s.w.org\/images\/core\/emoji\/13.0.1\/svg\/1f697.svg\" alt=\"\ud83d\ude97\" \/>\u2063 Keine l\u00e4stigen Fahrten zur Textilreinigung<\/h2><h2><img decoding=\"async\" class=\"emoji\" role=\"img\" draggable=\"false\" src=\"https:\/\/s.w.org\/images\/core\/emoji\/13.0.1\/svg\/1f933.svg\" alt=\"\ud83e\udd33\" \/> Einfaches Bestellen online via App und Web<\/h2><h2><img decoding=\"async\" class=\"emoji\" role=\"img\" draggable=\"false\" src=\"https:\/\/s.w.org\/images\/core\/emoji\/13.0.1\/svg\/1f4de.svg\" alt=\"\ud83d\udcde\" \/> Pers\u00f6nlicher Kundensupport<\/h2><h3><img decoding=\"async\" class=\"emoji\" role=\"img\" draggable=\"false\" src=\"https:\/\/s.w.org\/images\/core\/emoji\/13.0.1\/svg\/1f381.svg\" alt=\"\ud83c\udf81\" \/> WILLKOMMENSGESCHENK NICHT VERPASSEN<img decoding=\"async\" class=\"emoji\" role=\"img\" draggable=\"false\" src=\"https:\/\/s.w.org\/images\/core\/emoji\/13.0.1\/svg\/1f381.svg\" alt=\"\ud83c\udf81\" \/>:\u2063<\/h3><h3>Jetzt via App oder Web mit dem Gutschein* \u201eGeschenk15\u201c bestellen und die ersten 15\u20ac gehen auf uns.<\/h3><p>_____________________________________________________<br \/>*Nur begrenzt g\u00fcltig und nur \u00fcber WaschMal bei der ersten Online Bestellung einl\u00f6sbar.<\/p>\t\t\t\t\t\t\t\t<\/div>\n\t\t\t\t<\/div>\n\t\t\t\t\t<\/div>\n\t\t<\/div>\n\t\t\t\t\t<\/div>\n\t\t<\/section>\n\t\t\t\t<section class=\"elementor-section elementor-top-section elementor-element elementor-element-57be5f7 elementor-section-full_width elementor-section-content-top elementor-section-height-default elementor-section-height-default\" data-id=\"57be5f7\" data-element_type=\"section\">\n\t\t\t\t\t\t<div class=\"elementor-container elementor-column-gap-wide\">\n\t\t\t\t\t<div class=\"elementor-column elementor-col-100 elementor-top-column elementor-element elementor-element-d98af71\" data-id=\"d98af71\" data-element_type=\"column\">\n\t\t\t<div class=\"elementor-widget-wrap elementor-element-populated\">\n\t\t\t\t\t\t<div class=\"elementor-element elementor-element-439b4de elementor-widget elementor-widget-heading\" data-id=\"439b4de\" data-element_type=\"widget\" data-widget_type=\"heading.default\">\n\t\t\t\t<div class=\"elementor-widget-container\">\n\t\t\t\t\t<h1 class=\"elementor-heading-title elementor-size-large\"><a href=\"https:\/\/www.waschmal.de\/goCheckout\/838\">abholen        o         waschen         o         liefern<\/a><\/h1>\t\t\t\t<\/div>\n\t\t\t\t<\/div>\n\t\t\t\t\t<\/div>\n\t\t<\/div>\n\t\t\t\t\t<\/div>\n\t\t<\/section>\n\t\t\t\t<\/div>\n\t\t","protected":false},"excerpt":{"rendered":"<p>Jetzt auch online via App die Abholung ihrer W\u00e4sche oder Textilreinigung bestellen 1 WaschMal App herunterladen &amp; registrieren 2 Postleitzahl eingeben und Kyffh\u00e4user Textilservice&nbsp;&nbsp;&nbsp;&nbsp;&nbsp; ausw\u00e4hlen 3&nbsp; Wunschartikel und Wunschtermin ausw\u00e4hlen 4 Bequem bargeldlos bezahlen ++Ihre Vorteile++ \u2063 Keine l\u00e4stigen Fahrten zur Textilreinigung Einfaches Bestellen online via App und Web Pers\u00f6nlicher Kundensupport WILLKOMMENSGESCHENK NICHT VERPASSEN:\u2063 Jetzt [&hellip;]<\/p>\n","protected":false},"author":2,"featured_media":0,"parent":0,"menu_order":0,"comment_status":"closed","ping_status":"closed","template":"","meta":{"ocean_post_layout":"","ocean_both_sidebars_style":"","ocean_both_sidebars_content_width":0,"ocean_both_sidebars_sidebars_width":0,"ocean_sidebar":"0","ocean_second_sidebar":"0","ocean_disable_margins":"enable","ocean_add_body_class":"","ocean_shortcode_before_top_bar":"","ocean_shortcode_after_top_bar":"","ocean_shortcode_before_header":"","ocean_shortcode_after_header":"","ocean_has_shortcode":"","ocean_shortcode_after_title":"","ocean_shortcode_before_footer_widgets":"","ocean_shortcode_after_footer_widgets":"","ocean_shortcode_before_footer_bottom":"","ocean_shortcode_after_footer_bottom":"","ocean_display_top_bar":"default","ocean_display_header":"default","ocean_header_style":"","ocean_center_header_left_menu":"0","ocean_custom_header_template":"0","ocean_custom_logo":0,"ocean_custom_retina_logo":0,"ocean_custom_logo_max_width":0,"ocean_custom_logo_tablet_max_width":0,"ocean_custom_logo_mobile_max_width":0,"ocean_custom_logo_max_height":0,"ocean_custom_logo_tablet_max_height":0,"ocean_custom_logo_mobile_max_height":0,"ocean_header_custom_menu":"0","ocean_menu_typo_font_family":"0","ocean_menu_typo_font_subset":"","ocean_menu_typo_font_size":0,"ocean_menu_typo_font_size_tablet":0,"ocean_menu_typo_font_size_mobile":0,"ocean_menu_typo_font_size_unit":"px","ocean_menu_typo_font_weight":"","ocean_menu_typo_font_weight_tablet":"","ocean_menu_typo_font_weight_mobile":"","ocean_menu_typo_transform":"","ocean_menu_typo_transform_tablet":"","ocean_menu_typo_transform_mobile":"","ocean_menu_typo_line_height":0,"ocean_menu_typo_line_height_tablet":0,"ocean_menu_typo_line_height_mobile":0,"ocean_menu_typo_line_height_unit":"","ocean_menu_typo_spacing":0,"ocean_menu_typo_spacing_tablet":0,"ocean_menu_typo_spacing_mobile":0,"ocean_menu_typo_spacing_unit":"","ocean_menu_link_color":"","ocean_menu_link_color_hover":"","ocean_menu_link_color_active":"","ocean_menu_link_background":"","ocean_menu_link_hover_background":"","ocean_menu_link_active_background":"","ocean_menu_social_links_bg":"","ocean_menu_social_hover_links_bg":"","ocean_menu_social_links_color":"","ocean_menu_social_hover_links_color":"","ocean_disable_title":"default","ocean_disable_heading":"default","ocean_post_title":"","ocean_post_subheading":"","ocean_post_title_style":"","ocean_post_title_background_color":"","ocean_post_title_background":0,"ocean_post_title_bg_image_position":"","ocean_post_title_bg_image_attachment":"","ocean_post_title_bg_image_repeat":"","ocean_post_title_bg_image_size":"","ocean_post_title_height":0,"ocean_post_title_bg_overlay":0.5,"ocean_post_title_bg_overlay_color":"","ocean_disable_breadcrumbs":"default","ocean_breadcrumbs_color":"","ocean_breadcrumbs_separator_color":"","ocean_breadcrumbs_links_color":"","ocean_breadcrumbs_links_hover_color":"","ocean_display_footer_widgets":"default","ocean_display_footer_bottom":"default","ocean_custom_footer_template":"0","footnotes":""},"class_list":["post-1014","page","type-page","status-publish","hentry","entry"],"_links":{"self":[{"href":"https:\/\/www.miettischdecke.de\/mtd\/wp-json\/wp\/v2\/pages\/1014","targetHints":{"allow":["GET"]}}],"collection":[{"href":"https:\/\/www.miettischdecke.de\/mtd\/wp-json\/wp\/v2\/pages"}],"about":[{"href":"https:\/\/www.miettischdecke.de\/mtd\/wp-json\/wp\/v2\/types\/page"}],"author":[{"embeddable":true,"href":"https:\/\/www.miettischdecke.de\/mtd\/wp-json\/wp\/v2\/users\/2"}],"replies":[{"embeddable":true,"href":"https:\/\/www.miettischdecke.de\/mtd\/wp-json\/wp\/v2\/comments?post=1014"}],"version-history":[{"count":9,"href":"https:\/\/www.miettischdecke.de\/mtd\/wp-json\/wp\/v2\/pages\/1014\/revisions"}],"predecessor-version":[{"id":1029,"href":"https:\/\/www.miettischdecke.de\/mtd\/wp-json\/wp\/v2\/pages\/1014\/revisions\/1029"}],"wp:attachment":[{"href":"https:\/\/www.miettischdecke.de\/mtd\/wp-json\/wp\/v2\/media?parent=1014"}],"curies":[{"name":"wp","href":"https:\/\/api.w.org\/{rel}","templated":true}]}}